{"id":520,"date":"2020-02-11T15:27:03","date_gmt":"2020-02-11T14:27:03","guid":{"rendered":"https:\/\/drbasic.com\/?page_id=520"},"modified":"2020-02-11T15:27:03","modified_gmt":"2020-02-11T14:27:03","slug":"dental-office","status":"publish","type":"page","link":"https:\/\/drbasic.com\/en\/dental-office\/","title":{"rendered":"Dental Office"},"content":{"rendered":"","protected":false},"excerpt":{"rendered":"","protected":false},"author":1,"featured_media":0,"parent":0,"menu_order":0,"comment_status":"closed","ping_status":"closed","template":"","meta":{"footnotes":""},"class_list":["post-520","page","type-page","status-publish","hentry"],"yoast_head":"<!-- This site is optimized with the Yoast SEO plugin v25.6 - https:\/\/yoast.com\/wordpress\/plugins\/seo\/ -->\n<title>Dental Office - Dental Office Dr Rosa Ba\u0161i\u0107<\/title>\n<meta name=\"robots\" content=\"index, follow, max-snippet:-1, max-image-preview:large, max-video-preview:-1\" \/>\n<link rel=\"canonical\" href=\"https:\/\/drbasic.com\/en\/dental-office\/\" \/>\n<meta property=\"og:locale\" content=\"en_US\" \/>\n<meta property=\"og:type\" content=\"article\" \/>\n<meta property=\"og:title\" content=\"Dental Office - Dental Office Dr Rosa Ba\u0161i\u0107\" \/>\n<meta property=\"og:url\" content=\"https:\/\/drbasic.com\/en\/dental-office\/\" \/>\n<meta property=\"og:site_name\" content=\"Dental Office Dr Rosa Ba\u0161i\u0107\" \/>\n<meta name=\"twitter:card\" content=\"summary_large_image\" \/>\n<script type=\"application\/ld+json\" class=\"yoast-schema-graph\">{\"@context\":\"https:\/\/schema.org\",\"@graph\":[{\"@type\":\"WebPage\",\"@id\":\"https:\/\/drbasic.com\/en\/dental-office\/\",\"url\":\"https:\/\/drbasic.com\/en\/dental-office\/\",\"name\":\"Dental Office - Dental Office Dr Rosa Ba\u0161i\u0107\",\"isPartOf\":{\"@id\":\"https:\/\/drbasic.com\/#website\"},\"datePublished\":\"2020-02-11T14:27:03+00:00\",\"breadcrumb\":{\"@id\":\"https:\/\/drbasic.com\/en\/dental-office\/#breadcrumb\"},\"inLanguage\":\"en-US\",\"potentialAction\":[{\"@type\":\"ReadAction\",\"target\":[\"https:\/\/drbasic.com\/en\/dental-office\/\"]}]},{\"@type\":\"BreadcrumbList\",\"@id\":\"https:\/\/drbasic.com\/en\/dental-office\/#breadcrumb\",\"itemListElement\":[{\"@type\":\"ListItem\",\"position\":1,\"name\":\"Home\",\"item\":\"https:\/\/drbasic.com\/en\/\"},{\"@type\":\"ListItem\",\"position\":2,\"name\":\"Dental Office\"}]},{\"@type\":\"WebSite\",\"@id\":\"https:\/\/drbasic.com\/#website\",\"url\":\"https:\/\/drbasic.com\/\",\"name\":\"Dental Office Dr Rosa Ba\u0161i\u0107\",\"description\":\"Your Family Dentist\",\"publisher\":{\"@id\":\"https:\/\/drbasic.com\/#organization\"},\"potentialAction\":[{\"@type\":\"SearchAction\",\"target\":{\"@type\":\"EntryPoint\",\"urlTemplate\":\"https:\/\/drbasic.com\/?s={search_term_string}\"},\"query-input\":{\"@type\":\"PropertyValueSpecification\",\"valueRequired\":true,\"valueName\":\"search_term_string\"}}],\"inLanguage\":\"en-US\"},{\"@type\":\"Organization\",\"@id\":\"https:\/\/drbasic.com\/#organization\",\"name\":\"Stomatolo\u0161ka ordinacija dr Rosa Ba\u0161i\u0107\",\"url\":\"https:\/\/drbasic.com\/\",\"logo\":{\"@type\":\"ImageObject\",\"inLanguage\":\"en-US\",\"@id\":\"https:\/\/drbasic.com\/#\/schema\/logo\/image\/\",\"url\":\"https:\/\/drbasic.com\/wp-content\/uploads\/2018\/08\/drrosabasiclogo.png\",\"contentUrl\":\"https:\/\/drbasic.com\/wp-content\/uploads\/2018\/08\/drrosabasiclogo.png\",\"width\":500,\"height\":120,\"caption\":\"Stomatolo\u0161ka ordinacija dr Rosa Ba\u0161i\u0107\"},\"image\":{\"@id\":\"https:\/\/drbasic.com\/#\/schema\/logo\/image\/\"}}]}<\/script>\n<!-- \/ Yoast SEO plugin. -->","yoast_head_json":{"title":"Dental Office - Dental Office Dr Rosa Ba\u0161i\u0107","robots":{"index":"index","follow":"follow","max-snippet":"max-snippet:-1","max-image-preview":"max-image-preview:large","max-video-preview":"max-video-preview:-1"},"canonical":"https:\/\/drbasic.com\/en\/dental-office\/","og_locale":"en_US","og_type":"article","og_title":"Dental Office - Dental Office Dr Rosa Ba\u0161i\u0107","og_url":"https:\/\/drbasic.com\/en\/dental-office\/","og_site_name":"Dental Office Dr Rosa Ba\u0161i\u0107","twitter_card":"summary_large_image","schema":{"@context":"https:\/\/schema.org","@graph":[{"@type":"WebPage","@id":"https:\/\/drbasic.com\/en\/dental-office\/","url":"https:\/\/drbasic.com\/en\/dental-office\/","name":"Dental Office - Dental Office Dr Rosa Ba\u0161i\u0107","isPartOf":{"@id":"https:\/\/drbasic.com\/#website"},"datePublished":"2020-02-11T14:27:03+00:00","breadcrumb":{"@id":"https:\/\/drbasic.com\/en\/dental-office\/#breadcrumb"},"inLanguage":"en-US","potentialAction":[{"@type":"ReadAction","target":["https:\/\/drbasic.com\/en\/dental-office\/"]}]},{"@type":"BreadcrumbList","@id":"https:\/\/drbasic.com\/en\/dental-office\/#breadcrumb","itemListElement":[{"@type":"ListItem","position":1,"name":"Home","item":"https:\/\/drbasic.com\/en\/"},{"@type":"ListItem","position":2,"name":"Dental Office"}]},{"@type":"WebSite","@id":"https:\/\/drbasic.com\/#website","url":"https:\/\/drbasic.com\/","name":"Dental Office Dr Rosa Ba\u0161i\u0107","description":"Your Family Dentist","publisher":{"@id":"https:\/\/drbasic.com\/#organization"},"potentialAction":[{"@type":"SearchAction","target":{"@type":"EntryPoint","urlTemplate":"https:\/\/drbasic.com\/?s={search_term_string}"},"query-input":{"@type":"PropertyValueSpecification","valueRequired":true,"valueName":"search_term_string"}}],"inLanguage":"en-US"},{"@type":"Organization","@id":"https:\/\/drbasic.com\/#organization","name":"Stomatolo\u0161ka ordinacija dr Rosa Ba\u0161i\u0107","url":"https:\/\/drbasic.com\/","logo":{"@type":"ImageObject","inLanguage":"en-US","@id":"https:\/\/drbasic.com\/#\/schema\/logo\/image\/","url":"https:\/\/drbasic.com\/wp-content\/uploads\/2018\/08\/drrosabasiclogo.png","contentUrl":"https:\/\/drbasic.com\/wp-content\/uploads\/2018\/08\/drrosabasiclogo.png","width":500,"height":120,"caption":"Stomatolo\u0161ka ordinacija dr Rosa Ba\u0161i\u0107"},"image":{"@id":"https:\/\/drbasic.com\/#\/schema\/logo\/image\/"}}]}},"_links":{"self":[{"href":"https:\/\/drbasic.com\/en\/wp-json\/wp\/v2\/pages\/520"}],"collection":[{"href":"https:\/\/drbasic.com\/en\/wp-json\/wp\/v2\/pages"}],"about":[{"href":"https:\/\/drbasic.com\/en\/wp-json\/wp\/v2\/types\/page"}],"author":[{"embeddable":true,"href":"https:\/\/drbasic.com\/en\/wp-json\/wp\/v2\/users\/1"}],"replies":[{"embeddable":true,"href":"https:\/\/drbasic.com\/en\/wp-json\/wp\/v2\/comments?post=520"}],"version-history":[{"count":0,"href":"https:\/\/drbasic.com\/en\/wp-json\/wp\/v2\/pages\/520\/revisions"}],"wp:attachment":[{"href":"https:\/\/drbasic.com\/en\/wp-json\/wp\/v2\/media?parent=520"}],"curies":[{"name":"wp","href":"https:\/\/api.w.org\/{rel}","templated":true}]}}